{"id":1857,"date":"2025-04-04T19:02:19","date_gmt":"2025-04-04T22:02:19","guid":{"rendered":"https:\/\/qualiproj.com.br\/?page_id=1857"},"modified":"2025-04-29T01:33:57","modified_gmt":"2025-04-29T04:33:57","slug":"servicos","status":"publish","type":"page","link":"https:\/\/qualiproj.com.br\/?page_id=1857","title":{"rendered":"Servi\u00e7os"},"content":{"rendered":"\t\t<div data-elementor-type=\"wp-page\" data-elementor-id=\"1857\" class=\"elementor elementor-1857\" data-elementor-post-type=\"page\">\n\t\t\t\t\t\t<section class=\"elementor-section elementor-top-section elementor-element elementor-element-5de8e33e elementor-section-boxed elementor-section-height-default elementor-section-height-default\" data-id=\"5de8e33e\" data-element_type=\"section\" data-settings=\"{&quot;background_background&quot;:&quot;classic&quot;}\">\n\t\t\t\t\t\t\t<div class=\"elementor-background-overlay\"><\/div>\n\t\t\t\t\t\t\t<div class=\"elementor-container elementor-column-gap-default\">\n\t\t\t\t\t<div class=\"elementor-column elementor-col-100 elementor-top-column elementor-element elementor-element-4de618e2\" data-id=\"4de618e2\" data-element_type=\"column\">\n\t\t\t<div class=\"elementor-widget-wrap elementor-element-populated\">\n\t\t\t\t\t\t<div class=\"elementor-element elementor-element-57df7625 elementor-widget elementor-widget-page-title\" data-id=\"57df7625\" data-element_type=\"widget\" data-widget_type=\"page-title.default\">\n\t\t\t\t<div class=\"elementor-widget-container\">\n\t\t\t\t\t\t\t\n\t\t<div class=\"hfe-page-title hfe-page-title-wrapper elementor-widget-heading\">\n\n\t\t\t\t\t\t\t\t<h1 class=\"elementor-heading-title elementor-size-default\">\n\t\t\t\t\t\t\t\t\n\t\t\t\tServi\u00e7os  \n\t\t\t<\/h1 > \n\t\t\t\t\t<\/div>\n\t\t\t\t\t\t<\/div>\n\t\t\t\t<\/div>\n\t\t\t\t\t<\/div>\n\t\t<\/div>\n\t\t\t\t\t<\/div>\n\t\t<\/section>\n\t\t\t\t<section class=\"elementor-section elementor-top-section elementor-element elementor-element-4fbb297 elementor-section-boxed elementor-section-height-default elementor-section-height-default\" data-id=\"4fbb297\" data-element_type=\"section\" data-settings=\"{&quot;background_background&quot;:&quot;classic&quot;}\">\n\t\t\t\t\t\t\t<div class=\"elementor-background-overlay\"><\/div>\n\t\t\t\t\t\t\t<div class=\"elementor-container elementor-column-gap-default\">\n\t\t\t\t\t<div class=\"elementor-column elementor-col-100 elementor-top-column elementor-element elementor-element-05ed443\" data-id=\"05ed443\" data-element_type=\"column\">\n\t\t\t<div class=\"elementor-widget-wrap elementor-element-populated\">\n\t\t\t\t\t\t<section class=\"elementor-section elementor-inner-section elementor-element elementor-element-3aeca4e elementor-section-boxed elementor-section-height-default elementor-section-height-default\" data-id=\"3aeca4e\" data-element_type=\"section\">\n\t\t\t\t\t\t<div class=\"elementor-container elementor-column-gap-default\">\n\t\t\t\t\t<div class=\"elementor-column elementor-col-66 elementor-inner-column elementor-element elementor-element-0b75446\" data-id=\"0b75446\" data-element_type=\"column\">\n\t\t\t<div class=\"elementor-widget-wrap elementor-element-populated\">\n\t\t\t\t\t\t<div class=\"elementor-element elementor-element-7dd9d69 elementor-widget__width-auto elementor-widget elementor-widget-heading\" data-id=\"7dd9d69\" data-element_type=\"widget\" data-widget_type=\"heading.default\">\n\t\t\t\t<div class=\"elementor-widget-container\">\n\t\t\t\t\t<h2 class=\"elementor-heading-title elementor-size-default\">NOSSOS SERVI\u00c7OS<\/h2>\t\t\t\t<\/div>\n\t\t\t\t<\/div>\n\t\t\t\t<div class=\"elementor-element elementor-element-1f3768d elementor-widget__width-initial elementor-widget-divider--separator-type-pattern elementor-widget-divider--view-line elementor-widget elementor-widget-divider\" data-id=\"1f3768d\" data-element_type=\"widget\" data-widget_type=\"divider.default\">\n\t\t\t\t<div class=\"elementor-widget-container\">\n\t\t\t\t\t\t\t<div class=\"elementor-divider\" style=\"--divider-pattern-url: url(&quot;data:image\/svg+xml,%3Csvg xmlns=&#039;http:\/\/www.w3.org\/2000\/svg&#039; preserveAspectRatio=&#039;none&#039; overflow=&#039;visible&#039; height=&#039;100%&#039; viewBox=&#039;0 0 24 24&#039; fill=&#039;black&#039; stroke=&#039;none&#039;%3E%3Cpolygon points=&#039;9.4,2 24,2 14.6,21.6 0,21.6&#039;\/%3E%3C\/svg%3E&quot;);\">\n\t\t\t<span class=\"elementor-divider-separator\">\n\t\t\t\t\t\t<\/span>\n\t\t<\/div>\n\t\t\t\t\t\t<\/div>\n\t\t\t\t<\/div>\n\t\t\t\t<div class=\"elementor-element elementor-element-cf50c35 elementor-widget elementor-widget-spacer\" data-id=\"cf50c35\" data-element_type=\"widget\" data-widget_type=\"spacer.default\">\n\t\t\t\t<div class=\"elementor-widget-container\">\n\t\t\t\t\t\t\t<div class=\"elementor-spacer\">\n\t\t\t<div class=\"elementor-spacer-inner\"><\/div>\n\t\t<\/div>\n\t\t\t\t\t\t<\/div>\n\t\t\t\t<\/div>\n\t\t\t\t<div class=\"elementor-element elementor-element-ab2c34f elementor-widget elementor-widget-heading\" data-id=\"ab2c34f\" data-element_type=\"widget\" data-widget_type=\"heading.default\">\n\t\t\t\t<div class=\"elementor-widget-container\">\n\t\t\t\t\t<h4 class=\"elementor-heading-title elementor-size-default\"><span style=\"color: var( --e-global-color-secondary );font-family: var( --e-global-typography-017eaa2-font-family ), Sans-serif;font-size: var( --e-global-typography-017eaa2-font-size );font-weight: var( --e-global-typography-017eaa2-font-weight )\">Solu\u00e7\u00f5es inovadoras para seus projetos de Engenharia<\/span><\/h4>\t\t\t\t<\/div>\n\t\t\t\t<\/div>\n\t\t\t\t<div class=\"elementor-element elementor-element-50b4166 elementor-widget elementor-widget-text-editor\" data-id=\"50b4166\" data-element_type=\"widget\" data-widget_type=\"text-editor.default\">\n\t\t\t\t<div class=\"elementor-widget-container\">\n\t\t\t\t\t\t\t\t\t<p>Na\u00a0<strong>QUALIPROJ<\/strong>, desenvolvemos uma ampla gama de servi\u00e7os personalizados, desde solu\u00e7\u00f5es t\u00e9cnicas especializadas at\u00e9 projetos complementares de instala\u00e7\u00f5es el\u00e9tricas e hidr\u00e1ulicas, entre outros. Tudo com qualidade, precis\u00e3o e compromisso.<\/p>\t\t\t\t\t\t\t\t<\/div>\n\t\t\t\t<\/div>\n\t\t\t\t\t<\/div>\n\t\t<\/div>\n\t\t\t\t<div class=\"elementor-column elementor-col-33 elementor-inner-column elementor-element elementor-element-8903e8e elementor-hidden-mobile\" data-id=\"8903e8e\" data-element_type=\"column\">\n\t\t\t<div class=\"elementor-widget-wrap\">\n\t\t\t\t\t\t\t<\/div>\n\t\t<\/div>\n\t\t\t\t\t<\/div>\n\t\t<\/section>\n\t\t\t\t<section class=\"elementor-section elementor-inner-section elementor-element elementor-element-740d48a elementor-section-boxed elementor-section-height-default elementor-section-height-default\" data-id=\"740d48a\" data-element_type=\"section\">\n\t\t\t\t\t\t<div class=\"elementor-container elementor-column-gap-default\">\n\t\t\t\t\t<div class=\"elementor-column elementor-col-33 elementor-inner-column elementor-element elementor-element-c507956\" data-id=\"c507956\" data-element_type=\"column\">\n\t\t\t<div class=\"elementor-widget-wrap elementor-element-populated\">\n\t\t\t\t\t\t<div class=\"elementor-element elementor-element-11a2318 pp-info-box-top elementor-widget elementor-widget-pp-info-box\" data-id=\"11a2318\" data-element_type=\"widget\" data-widget_type=\"pp-info-box.default\">\n\t\t\t\t<div class=\"elementor-widget-container\">\n\t\t\t\t\t\t\t<div class=\"pp-info-box-container\">\n\t\t\t<div class=\"pp-info-box\">\n\t\t\t\t\t\t\t\t\t<div class=\"pp-info-box-icon-wrap\">\n\t\t\t\t\t\t\t\t\t\t\t\t\t\t<span class=\"pp-info-box-icon pp-icon\">\n\t\t\t<img fetchpriority=\"high\" decoding=\"async\" width=\"500\" height=\"500\" src=\"https:\/\/qualiproj.com.br\/wp-content\/uploads\/2025\/04\/Instalacoes.webp\" class=\"attachment-full size-full wp-image-1846\" alt=\"\" srcset=\"https:\/\/qualiproj.com.br\/wp-content\/uploads\/2025\/04\/Instalacoes.webp 500w, https:\/\/qualiproj.com.br\/wp-content\/uploads\/2025\/04\/Instalacoes-300x300.webp 300w, https:\/\/qualiproj.com.br\/wp-content\/uploads\/2025\/04\/Instalacoes-150x150.webp 150w\" sizes=\"(max-width: 500px) 100vw, 500px\" \/>\t\t<\/span>\n\t\t\t\t\t\t\t\t\t\t\t\t\t<\/div>\n\t\t\t\t\t\t\t\t<div class=\"pp-info-box-content\">\n\t\t\t\t\t<div class=\"pp-info-box-title-wrap\">\n\t\t\t\t\t\t\t\t\t\t\t\t\t<div class=\"pp-info-box-title-container\">\n\t\t\t\t\t\t\t\t<h5 class=\"pp-info-box-title\">\n\t\t\t\t\t\t\t\t\tInstala\u00e7\u00f5es\t\t\t\t\t\t\t\t<\/h5>\n\t\t\t\t\t\t\t<\/div>\n\t\t\t\t\t\t\t\t\t\t\t\t<\/div>\n\n\t\t\t\t\t\n\t\t\t\t\t\t\t\t\t\t\t<div class=\"pp-info-box-description\">\n\t\t\t\t\t\t\t<p>Realizamos instala\u00e7\u00f5es com excel\u00eancia, abrangendo sistemas <strong>El\u00e9tricos<\/strong>, <strong>Hidr\u00e1ulicos<\/strong>, <strong>Ar-condicionado<\/strong>, <strong>CLCB\/AVCB<\/strong>\u00a0<strong>(Bombeiros)<\/strong>, <strong>Fotovoltaicos,<\/strong> entre outros, garantindo efici\u00eancia e seguran\u00e7a para seu projeto.<\/p>\t\t\t\t\t\t<\/div>\n\t\t\t\t\t\t\t\t\t\t\t\t\t\t\t\t\t<div class=\"pp-info-box-footer\">\n\t\t\t\t\t<a href=\"https:\/\/qualiproj.com.br\/?page_id=1725\" target=\"_blank\" class=\"pp-info-box-button elementor-button elementor-size-sm\">\n\t\t\t\t\t\t\t\t\t\t\t\t\t\t\t\t\t\t\t<span class=\"pp-button-text\">\n\t\t\t\t\t\t\t\tSaiba Mais\t\t\t\t\t\t\t<\/span>\n\t\t\t\t\t\t\t\t\t\t\t\t\t\t\t\t\t<\/a>\n\t\t\t\t<\/div>\n\t\t\t\t\t\t\t\t\t\t<\/div>\n\t\t\t<\/div>\n\t\t<\/div>\n\t\t\t\t\t\t<\/div>\n\t\t\t\t<\/div>\n\t\t\t\t\t<\/div>\n\t\t<\/div>\n\t\t\t\t<div class=\"elementor-column elementor-col-33 elementor-inner-column elementor-element elementor-element-7ae51ba\" data-id=\"7ae51ba\" data-element_type=\"column\">\n\t\t\t<div class=\"elementor-widget-wrap elementor-element-populated\">\n\t\t\t\t\t\t<div class=\"elementor-element elementor-element-15e56af pp-info-box-top elementor-widget elementor-widget-pp-info-box\" data-id=\"15e56af\" data-element_type=\"widget\" data-widget_type=\"pp-info-box.default\">\n\t\t\t\t<div class=\"elementor-widget-container\">\n\t\t\t\t\t\t\t<div class=\"pp-info-box-container\">\n\t\t\t<div class=\"pp-info-box\">\n\t\t\t\t\t\t\t\t\t<div class=\"pp-info-box-icon-wrap\">\n\t\t\t\t\t\t\t\t\t\t\t\t\t\t<span class=\"pp-info-box-icon pp-icon\">\n\t\t\t<img decoding=\"async\" width=\"500\" height=\"500\" src=\"https:\/\/qualiproj.com.br\/wp-content\/uploads\/2025\/04\/Projetos.webp\" class=\"attachment-full size-full wp-image-1844\" alt=\"\" srcset=\"https:\/\/qualiproj.com.br\/wp-content\/uploads\/2025\/04\/Projetos.webp 500w, https:\/\/qualiproj.com.br\/wp-content\/uploads\/2025\/04\/Projetos-300x300.webp 300w, https:\/\/qualiproj.com.br\/wp-content\/uploads\/2025\/04\/Projetos-150x150.webp 150w\" sizes=\"(max-width: 500px) 100vw, 500px\" \/>\t\t<\/span>\n\t\t\t\t\t\t\t\t\t\t\t\t\t<\/div>\n\t\t\t\t\t\t\t\t<div class=\"pp-info-box-content\">\n\t\t\t\t\t<div class=\"pp-info-box-title-wrap\">\n\t\t\t\t\t\t\t\t\t\t\t\t\t<div class=\"pp-info-box-title-container\">\n\t\t\t\t\t\t\t\t<h5 class=\"pp-info-box-title\">\n\t\t\t\t\t\t\t\t\tProjetos\t\t\t\t\t\t\t\t<\/h5>\n\t\t\t\t\t\t\t<\/div>\n\t\t\t\t\t\t\t\t\t\t\t\t<\/div>\n\n\t\t\t\t\t\n\t\t\t\t\t\t\t\t\t\t\t<div class=\"pp-info-box-description\">\n\t\t\t\t\t\t\t<p>Desenvolvemos projetos <strong>Arquitet\u00f4nicos<\/strong>, <strong>El\u00e9tricos<\/strong>, <strong>Hidrossanit\u00e1rios<\/strong>, <strong>HVAC<\/strong>, <strong>Estruturais<\/strong>, <strong>Luminot\u00e9cnicos<\/strong>, <strong>CLCB\/AVCB\u00a0(Bombeiros)<\/strong>, <strong>SPDA<\/strong>, <strong>Fotovoltaicos<\/strong>, <strong>Piscina<\/strong>, <strong>G\u00e1s,<\/strong> entre outros, al\u00e9m de <strong>Aprova\u00e7\u00f5es junto a concession\u00e1rias<\/strong>, com excel\u00eancia e rigor t\u00e9cnico.<\/p>\t\t\t\t\t\t<\/div>\n\t\t\t\t\t\t\t\t\t\t\t\t\t\t\t\t\t<div class=\"pp-info-box-footer\">\n\t\t\t\t\t<a href=\"https:\/\/qualiproj.com.br\/?page_id=1773\" class=\"pp-info-box-button elementor-button elementor-size-sm\">\n\t\t\t\t\t\t\t\t\t\t\t\t\t\t\t\t\t\t\t<span class=\"pp-button-text\">\n\t\t\t\t\t\t\t\tSaiba Mais\t\t\t\t\t\t\t<\/span>\n\t\t\t\t\t\t\t\t\t\t\t\t\t\t\t\t\t<\/a>\n\t\t\t\t<\/div>\n\t\t\t\t\t\t\t\t\t\t<\/div>\n\t\t\t<\/div>\n\t\t<\/div>\n\t\t\t\t\t\t<\/div>\n\t\t\t\t<\/div>\n\t\t\t\t\t<\/div>\n\t\t<\/div>\n\t\t\t\t<div class=\"elementor-column elementor-col-33 elementor-inner-column elementor-element elementor-element-f30ea66\" data-id=\"f30ea66\" data-element_type=\"column\">\n\t\t\t<div class=\"elementor-widget-wrap elementor-element-populated\">\n\t\t\t\t\t\t<div class=\"elementor-element elementor-element-7c33374 pp-info-box-top elementor-widget elementor-widget-pp-info-box\" data-id=\"7c33374\" data-element_type=\"widget\" data-widget_type=\"pp-info-box.default\">\n\t\t\t\t<div class=\"elementor-widget-container\">\n\t\t\t\t\t\t\t<div class=\"pp-info-box-container\">\n\t\t\t<div class=\"pp-info-box\">\n\t\t\t\t\t\t\t\t\t<div class=\"pp-info-box-icon-wrap\">\n\t\t\t\t\t\t\t\t\t\t\t\t\t\t<span class=\"pp-info-box-icon pp-icon\">\n\t\t\t<img decoding=\"async\" width=\"500\" height=\"500\" src=\"https:\/\/qualiproj.com.br\/wp-content\/uploads\/2025\/04\/Laudos.webp\" class=\"attachment-full size-full wp-image-1845\" alt=\"\" srcset=\"https:\/\/qualiproj.com.br\/wp-content\/uploads\/2025\/04\/Laudos.webp 500w, https:\/\/qualiproj.com.br\/wp-content\/uploads\/2025\/04\/Laudos-300x300.webp 300w, https:\/\/qualiproj.com.br\/wp-content\/uploads\/2025\/04\/Laudos-150x150.webp 150w\" sizes=\"(max-width: 500px) 100vw, 500px\" \/>\t\t<\/span>\n\t\t\t\t\t\t\t\t\t\t\t\t\t<\/div>\n\t\t\t\t\t\t\t\t<div class=\"pp-info-box-content\">\n\t\t\t\t\t<div class=\"pp-info-box-title-wrap\">\n\t\t\t\t\t\t\t\t\t\t\t\t\t<div class=\"pp-info-box-title-container\">\n\t\t\t\t\t\t\t\t<h5 class=\"pp-info-box-title\">\n\t\t\t\t\t\t\t\t\tLaudos T\u00e9cnicos\t\t\t\t\t\t\t\t<\/h5>\n\t\t\t\t\t\t\t<\/div>\n\t\t\t\t\t\t\t\t\t\t\t\t<\/div>\n\n\t\t\t\t\t\n\t\t\t\t\t\t\t\t\t\t\t<div class=\"pp-info-box-description\">\n\t\t\t\t\t\t\t<p>Elaboramos laudos para <strong>Sistemas estruturais<\/strong>, <strong>HVAC<\/strong>, <strong>NR10<\/strong>, <strong>SPDA<\/strong>, <strong>Termografia<\/strong> e <strong>Contratos de manuten\u00e7\u00e3o<\/strong>, entre outros, assegurando seguran\u00e7a e conformidade com as normas t\u00e9cnicas.<\/p>\t\t\t\t\t\t<\/div>\n\t\t\t\t\t\t\t\t\t\t\t\t\t\t\t\t\t<div class=\"pp-info-box-footer\">\n\t\t\t\t\t<a href=\"https:\/\/qualiproj.com.br\/?page_id=1803\" class=\"pp-info-box-button elementor-button elementor-size-sm\">\n\t\t\t\t\t\t\t\t\t\t\t\t\t\t\t\t\t\t\t<span class=\"pp-button-text\">\n\t\t\t\t\t\t\t\tSaiba Mais\t\t\t\t\t\t\t<\/span>\n\t\t\t\t\t\t\t\t\t\t\t\t\t\t\t\t\t<\/a>\n\t\t\t\t<\/div>\n\t\t\t\t\t\t\t\t\t\t<\/div>\n\t\t\t<\/div>\n\t\t<\/div>\n\t\t\t\t\t\t<\/div>\n\t\t\t\t<\/div>\n\t\t\t\t\t<\/div>\n\t\t<\/div>\n\t\t\t\t\t<\/div>\n\t\t<\/section>\n\t\t\t\t\t<\/div>\n\t\t<\/div>\n\t\t\t\t\t<\/div>\n\t\t<\/section>\n\t\t\t\t<\/div>\n\t\t","protected":false},"excerpt":{"rendered":"<p>Servi\u00e7os NOSSOS SERVI\u00c7OS Solu\u00e7\u00f5es inovadoras para seus projetos de Engenharia Na\u00a0QUALIPROJ, desenvolvemos uma ampla gama de servi\u00e7os personalizados, desde solu\u00e7\u00f5es t\u00e9cnicas especializadas at\u00e9 projetos complementares de instala\u00e7\u00f5es el\u00e9tricas e hidr\u00e1ulicas, entre outros. Tudo com qualidade, precis\u00e3o e compromisso. Instala\u00e7\u00f5es Realizamos instala\u00e7\u00f5es com excel\u00eancia, abrangendo sistemas El\u00e9tricos, Hidr\u00e1ulicos, Ar-condicionado, CLCB\/AVCB\u00a0(Bombeiros), Fotovoltaicos, entre outros, garantindo efici\u00eancia e [&hellip;]<\/p>\n","protected":false},"author":132146,"featured_media":0,"parent":0,"menu_order":0,"comment_status":"closed","ping_status":"closed","template":"","meta":{"footnotes":""},"class_list":["post-1857","page","type-page","status-publish","hentry"],"_links":{"self":[{"href":"https:\/\/qualiproj.com.br\/index.php?rest_route=\/wp\/v2\/pages\/1857","targetHints":{"allow":["GET"]}}],"collection":[{"href":"https:\/\/qualiproj.com.br\/index.php?rest_route=\/wp\/v2\/pages"}],"about":[{"href":"https:\/\/qualiproj.com.br\/index.php?rest_route=\/wp\/v2\/types\/page"}],"author":[{"embeddable":true,"href":"https:\/\/qualiproj.com.br\/index.php?rest_route=\/wp\/v2\/users\/132146"}],"replies":[{"embeddable":true,"href":"https:\/\/qualiproj.com.br\/index.php?rest_route=%2Fwp%2Fv2%2Fcomments&post=1857"}],"version-history":[{"count":0,"href":"https:\/\/qualiproj.com.br\/index.php?rest_route=\/wp\/v2\/pages\/1857\/revisions"}],"wp:attachment":[{"href":"https:\/\/qualiproj.com.br\/index.php?rest_route=%2Fwp%2Fv2%2Fmedia&parent=1857"}],"curies":[{"name":"wp","href":"https:\/\/api.w.org\/{rel}","templated":true}]}}